{"id":9269,"date":"2023-11-24T16:09:14","date_gmt":"2023-11-24T16:09:14","guid":{"rendered":"https:\/\/www.webbycanarias.com\/?page_id=9269"},"modified":"2023-11-24T16:09:14","modified_gmt":"2023-11-24T16:09:14","slug":"legal","status":"publish","type":"page","link":"https:\/\/www.webbycanarias.com\/en\/legal\/","title":{"rendered":"Legal"},"content":{"rendered":"<p><strong>OBJECT<\/strong><\/p>\n<p>The present legal conditions are established by FJZA under the trade name Web By Canarias in order to determine the criteria and conditions of use of the tunera.es website.<\/p>\n<p>Holder's details:<\/p>\n<p>In accordance with the provisions of the Law of Information Society and Electronic Commerce, LSSICE 34\/2002, Web By Canarias, provides the details of the owner of this website.<\/p>\n<p>Identification and contact:<\/p>\n<p>Trade name: Web By Canarias<br \/>\nCompany name: FJZA<br \/>\nVAT NO: 42044357N<br \/>\nC\/Anfitri\u00f3n 11 | 38296 San Crist\u00f3bal de La Laguna | Canary Islands<br \/>\nE-mail: info@webbycanarias.com<\/p>\n<p>&nbsp;<\/p>\n<p>By browsing this website the user acquires the condition of user; the user accepts the conditions of use set out, Web By Canarias reserves the right to modify its legal conditions at any time, as well as to make any technical or visual improvement it deems appropriate; if the modifications affect the privacy of users, prior notice will be given of the entry into force of the changes.<\/p>\n<p>In compliance with the Organic Law on the Protection of Personal Data and Guarantee of Digital Rights (LOPD-GDD 3\/2018) and with the General Data Protection Regulation (RGPD EU 2016\/679) in order to answer your queries, please fill in the required fields. No data will be transferred to third parties unless required by law or in the event that it is necessary to respond to your request, in case of changes and modifications to your data you must communicate it. You can exercise your rights of access, rectification, deletion, limitation, opposition and portability to the following address:<\/p>\n<p>C\/Anfitri\u00f3n 11 | 38296 San Crist\u00f3bal de La Laguna | Canary Islands<br \/>\ninfo@webbycanarias.com<\/p>\n<p>&nbsp;<\/p>\n<p><strong>LINKS POLICY<\/strong><\/p>\n<p>This website contains links to third party websites in order to provide users with access to different social networks and internet platforms; Web By Canarias is not responsible for the content, offers, products or services that may be found.<\/p>\n<p>&nbsp;<\/p>\n<p><strong>APPLICABLE LAW<\/strong><\/p>\n<p>All matters relating to Web By Canarias and the user shall be governed by the national legislation in force and any dispute shall be submitted to the Courts and Tribunals of Santa Cruz de Tenerife.<\/p>","protected":false},"excerpt":{"rendered":"<p>OBJECT These legal conditions are established by FJZA under the trade name Web By Canarias in order to determine the criteria and conditions of use of the website tunera.es Data of the owner: In accordance with the provisions of the Law of Information Society and Electronic Commerce, LSSICE 34\/2002, Web By Canarias, puts the [...]<\/p>","protected":false},"author":2,"featured_media":0,"parent":0,"menu_order":0,"comment_status":"closed","ping_status":"closed","template":"","meta":{"footnotes":""},"class_list":["post-9269","page","type-page","status-publish","hentry"],"yoast_head":"<!-- This site is optimized with the Yoast SEO plugin v27.4 - https:\/\/yoast.com\/product\/yoast-seo-wordpress\/ -->\n<title>Legal | Web By Canarias<\/title>\n<meta name=\"description\" content=\"Dise\u00f1o y p\u00e1ginas web, app m\u00f3viles, servidor propio en y para Canarias.\" \/>\n<meta name=\"robots\" content=\"index, follow, max-snippet:-1, max-image-preview:large, max-video-preview:-1\" \/>\n<link rel=\"canonical\" href=\"https:\/\/www.webbycanarias.com\/en\/legal\/\" \/>\n<meta property=\"og:locale\" content=\"en_GB\" \/>\n<meta property=\"og:type\" content=\"article\" \/>\n<meta property=\"og:title\" content=\"Legal | Web By Canarias\" \/>\n<meta property=\"og:description\" content=\"Dise\u00f1o y p\u00e1ginas web, app m\u00f3viles, servidor propio en y para Canarias.\" \/>\n<meta property=\"og:url\" content=\"https:\/\/www.webbycanarias.com\/en\/legal\/\" \/>\n<meta property=\"og:site_name\" content=\"WBBYC\" \/>\n<meta property=\"article:publisher\" content=\"https:\/\/www.facebook.com\/webbycanarias\" \/>\n<meta name=\"twitter:card\" content=\"summary_large_image\" \/>\n<meta name=\"twitter:label1\" content=\"Estimated reading time\" \/>\n\t<meta name=\"twitter:data1\" content=\"2 minutes\" \/>\n<script type=\"application\/ld+json\" class=\"yoast-schema-graph\">{\"@context\":\"https:\\\/\\\/schema.org\",\"@graph\":[{\"@type\":\"WebPage\",\"@id\":\"https:\\\/\\\/www.webbycanarias.com\\\/legal\\\/\",\"url\":\"https:\\\/\\\/www.webbycanarias.com\\\/legal\\\/\",\"name\":\"Legal | Web By Canarias\",\"isPartOf\":{\"@id\":\"https:\\\/\\\/www.webbycanarias.com\\\/#website\"},\"datePublished\":\"2023-11-24T16:09:14+00:00\",\"description\":\"Dise\u00f1o y p\u00e1ginas web, app m\u00f3viles, servidor propio en y para Canarias.\",\"breadcrumb\":{\"@id\":\"https:\\\/\\\/www.webbycanarias.com\\\/legal\\\/#breadcrumb\"},\"inLanguage\":\"en-GB\",\"potentialAction\":[{\"@type\":\"ReadAction\",\"target\":[\"https:\\\/\\\/www.webbycanarias.com\\\/legal\\\/\"]}]},{\"@type\":\"BreadcrumbList\",\"@id\":\"https:\\\/\\\/www.webbycanarias.com\\\/legal\\\/#breadcrumb\",\"itemListElement\":[{\"@type\":\"ListItem\",\"position\":1,\"name\":\"Portada\",\"item\":\"https:\\\/\\\/www.webbycanarias.com\\\/\"},{\"@type\":\"ListItem\",\"position\":2,\"name\":\"Legal\"}]},{\"@type\":\"WebSite\",\"@id\":\"https:\\\/\\\/www.webbycanarias.com\\\/#website\",\"url\":\"https:\\\/\\\/www.webbycanarias.com\\\/\",\"name\":\"webbycanarias.com\",\"description\":\"\",\"publisher\":{\"@id\":\"https:\\\/\\\/www.webbycanarias.com\\\/#organization\"},\"potentialAction\":[{\"@type\":\"SearchAction\",\"target\":{\"@type\":\"EntryPoint\",\"urlTemplate\":\"https:\\\/\\\/www.webbycanarias.com\\\/?s={search_term_string}\"},\"query-input\":{\"@type\":\"PropertyValueSpecification\",\"valueRequired\":true,\"valueName\":\"search_term_string\"}}],\"inLanguage\":\"en-GB\"},{\"@type\":\"Organization\",\"@id\":\"https:\\\/\\\/www.webbycanarias.com\\\/#organization\",\"name\":\"Web By Canarias\",\"url\":\"https:\\\/\\\/www.webbycanarias.com\\\/\",\"logo\":{\"@type\":\"ImageObject\",\"inLanguage\":\"en-GB\",\"@id\":\"https:\\\/\\\/www.webbycanarias.com\\\/#\\\/schema\\\/logo\\\/image\\\/\",\"url\":\"https:\\\/\\\/www.webbycanarias.com\\\/wp-content\\\/uploads\\\/2023\\\/11\\\/WBBYC_LogoC.png\",\"contentUrl\":\"https:\\\/\\\/www.webbycanarias.com\\\/wp-content\\\/uploads\\\/2023\\\/11\\\/WBBYC_LogoC.png\",\"width\":1900,\"height\":1900,\"caption\":\"Web By Canarias\"},\"image\":{\"@id\":\"https:\\\/\\\/www.webbycanarias.com\\\/#\\\/schema\\\/logo\\\/image\\\/\"},\"sameAs\":[\"https:\\\/\\\/www.facebook.com\\\/webbycanarias\"]}]}<\/script>\n<!-- \/ Yoast SEO plugin. -->","yoast_head_json":{"title":"Legal | Web By Canarias","description":"Dise\u00f1o y p\u00e1ginas web, app m\u00f3viles, servidor propio en y para Canarias.","robots":{"index":"index","follow":"follow","max-snippet":"max-snippet:-1","max-image-preview":"max-image-preview:large","max-video-preview":"max-video-preview:-1"},"canonical":"https:\/\/www.webbycanarias.com\/en\/legal\/","og_locale":"en_GB","og_type":"article","og_title":"Legal | Web By Canarias","og_description":"Dise\u00f1o y p\u00e1ginas web, app m\u00f3viles, servidor propio en y para Canarias.","og_url":"https:\/\/www.webbycanarias.com\/en\/legal\/","og_site_name":"WBBYC","article_publisher":"https:\/\/www.facebook.com\/webbycanarias","twitter_card":"summary_large_image","twitter_misc":{"Estimated reading time":"2 minutes"},"schema":{"@context":"https:\/\/schema.org","@graph":[{"@type":"WebPage","@id":"https:\/\/www.webbycanarias.com\/legal\/","url":"https:\/\/www.webbycanarias.com\/legal\/","name":"Legal | Web By Canarias","isPartOf":{"@id":"https:\/\/www.webbycanarias.com\/#website"},"datePublished":"2023-11-24T16:09:14+00:00","description":"Dise\u00f1o y p\u00e1ginas web, app m\u00f3viles, servidor propio en y para Canarias.","breadcrumb":{"@id":"https:\/\/www.webbycanarias.com\/legal\/#breadcrumb"},"inLanguage":"en-GB","potentialAction":[{"@type":"ReadAction","target":["https:\/\/www.webbycanarias.com\/legal\/"]}]},{"@type":"BreadcrumbList","@id":"https:\/\/www.webbycanarias.com\/legal\/#breadcrumb","itemListElement":[{"@type":"ListItem","position":1,"name":"Portada","item":"https:\/\/www.webbycanarias.com\/"},{"@type":"ListItem","position":2,"name":"Legal"}]},{"@type":"WebSite","@id":"https:\/\/www.webbycanarias.com\/#website","url":"https:\/\/www.webbycanarias.com\/","name":"webbycanarias.com","description":"","publisher":{"@id":"https:\/\/www.webbycanarias.com\/#organization"},"potentialAction":[{"@type":"SearchAction","target":{"@type":"EntryPoint","urlTemplate":"https:\/\/www.webbycanarias.com\/?s={search_term_string}"},"query-input":{"@type":"PropertyValueSpecification","valueRequired":true,"valueName":"search_term_string"}}],"inLanguage":"en-GB"},{"@type":"Organization","@id":"https:\/\/www.webbycanarias.com\/#organization","name":"Web By Canarias","url":"https:\/\/www.webbycanarias.com\/","logo":{"@type":"ImageObject","inLanguage":"en-GB","@id":"https:\/\/www.webbycanarias.com\/#\/schema\/logo\/image\/","url":"https:\/\/www.webbycanarias.com\/wp-content\/uploads\/2023\/11\/WBBYC_LogoC.png","contentUrl":"https:\/\/www.webbycanarias.com\/wp-content\/uploads\/2023\/11\/WBBYC_LogoC.png","width":1900,"height":1900,"caption":"Web By Canarias"},"image":{"@id":"https:\/\/www.webbycanarias.com\/#\/schema\/logo\/image\/"},"sameAs":["https:\/\/www.facebook.com\/webbycanarias"]}]}},"_links":{"self":[{"href":"https:\/\/www.webbycanarias.com\/en\/wp-json\/wp\/v2\/pages\/9269","targetHints":{"allow":["GET"]}}],"collection":[{"href":"https:\/\/www.webbycanarias.com\/en\/wp-json\/wp\/v2\/pages"}],"about":[{"href":"https:\/\/www.webbycanarias.com\/en\/wp-json\/wp\/v2\/types\/page"}],"author":[{"embeddable":true,"href":"https:\/\/www.webbycanarias.com\/en\/wp-json\/wp\/v2\/users\/2"}],"replies":[{"embeddable":true,"href":"https:\/\/www.webbycanarias.com\/en\/wp-json\/wp\/v2\/comments?post=9269"}],"version-history":[{"count":0,"href":"https:\/\/www.webbycanarias.com\/en\/wp-json\/wp\/v2\/pages\/9269\/revisions"}],"wp:attachment":[{"href":"https:\/\/www.webbycanarias.com\/en\/wp-json\/wp\/v2\/media?parent=9269"}],"curies":[{"name":"wp","href":"https:\/\/api.w.org\/{rel}","templated":true}]}}