{"id":6450,"date":"2023-11-18T21:41:07","date_gmt":"2023-11-18T21:41:07","guid":{"rendered":"https:\/\/www.webbycanarias.com\/?page_id=6450"},"modified":"2023-11-25T19:23:36","modified_gmt":"2023-11-25T19:23:36","slug":"quienes-somos","status":"publish","type":"page","link":"https:\/\/www.webbycanarias.com\/en\/quienes-somos\/","title":{"rendered":"Who we are"},"content":{"rendered":"<div data-elementor-type=\"wp-page\" data-elementor-id=\"6450\" class=\"elementor elementor-6450\">\n\t\t\t\t        <section class=\"elementor-section elementor-top-section elementor-element elementor-element-5e421c5 elementor-section-stretched elementor-section-boxed elementor-section-height-default elementor-section-height-default ct-header-fixed-none ct-column-none ct-row-scroll-none ct-row-gradient--none\" data-id=\"5e421c5\" data-element_type=\"section\" data-e-type=\"section\" data-settings=\"{&quot;background_background&quot;:&quot;classic&quot;,&quot;stretch_section&quot;:&quot;section-stretched&quot;}\">\n                            <div class=\"elementor-background-overlay\"><\/div>\n                \n                        <div class=\"elementor-container elementor-column-gap-extended\">\n                    <div class=\"elementor-column elementor-col-100 elementor-top-column elementor-element elementor-element-e7ef4c4 ct-column-none\" data-id=\"e7ef4c4\" data-element_type=\"column\" data-e-type=\"column\">\n        <div class=\"elementor-widget-wrap elementor-element-populated\">\n                    \n                <section class=\"elementor-section elementor-inner-section elementor-element elementor-element-a090ec7 elementor-section-content-middle elementor-section-boxed elementor-section-height-default elementor-section-height-default ct-header-fixed-none ct-column-none ct-row-scroll-none ct-row-gradient--none\" data-id=\"a090ec7\" data-element_type=\"section\" data-e-type=\"section\" data-settings=\"{&quot;background_background&quot;:&quot;classic&quot;}\">\n                            <div class=\"elementor-background-overlay\"><\/div>\n                \n                        <div class=\"elementor-container elementor-column-gap-extended\">\n                    <div class=\"elementor-column elementor-col-50 elementor-inner-column elementor-element elementor-element-3850f7f4 ct-column-none\" data-id=\"3850f7f4\" data-element_type=\"column\" data-e-type=\"column\">\n        <div class=\"elementor-widget-wrap elementor-element-populated\">\n                    \n        \t\t<div class=\"elementor-element elementor-element-6a8e365e elementor-widget elementor-widget-ct_heading\" data-id=\"6a8e365e\" data-element_type=\"widget\" data-e-type=\"widget\" data-widget_type=\"ct_heading.default\">\n\t\t\t\t<div class=\"elementor-widget-container\">\n\t\t\t\t\t<div id=\"ct_heading-6a8e365e\" class=\"ct-heading h-align- item-st-hexagon highlight-style1\">\r\n    <div class=\"ct-inline-css\"  data-css=\"                        \">\r\n    <\/div>\r\n\r\n\t            <div class=\"ct-heading-hexagon-line\">\r\n            <div class=\"ct-heading-hexagon\"><\/div>\r\n        <\/div>\r\n            <h3 class=\"item--title case-animate-time st-hexagon\" data-wow-delay=\"ms\">\r\n        <span>20 years is nothing...<\/span>            <\/h3>\r\n<\/div>\r\n\r\n\t\t\t\t<\/div>\n\t\t\t\t<\/div>\n\t\t            <\/div>\n        <\/div>\n                <div class=\"elementor-column elementor-col-50 elementor-inner-column elementor-element elementor-element-10c6726 ct-column-none\" data-id=\"10c6726\" data-element_type=\"column\" data-e-type=\"column\">\n        <div class=\"elementor-widget-wrap elementor-element-populated\">\n                    \n        \t\t<div class=\"elementor-element elementor-element-938fe98 elementor-widget elementor-widget-ct_logo\" data-id=\"938fe98\" data-element_type=\"widget\" data-e-type=\"widget\" data-widget_type=\"ct_logo.default\">\n\t\t\t\t<div class=\"elementor-widget-container\">\n\t\t\t\t\t    <div class=\"ct-logo wow fadeIn\">\r\n                    <img fetchpriority=\"high\" decoding=\"async\" width=\"1850\" height=\"550\" src=\"https:\/\/www.webbycanarias.com\/wp-content\/uploads\/2021\/07\/WBBYC_HomeLogoC.png\" class=\"attachment-full\" alt=\"\" \/>            <\/div>\r\n\t\t\t\t<\/div>\n\t\t\t\t<\/div>\n\t\t            <\/div>\n        <\/div>\n                    <\/div>\n        <\/section>\n                <section class=\"elementor-section elementor-inner-section elementor-element elementor-element-f63074c elementor-section-boxed elementor-section-height-default elementor-section-height-default ct-header-fixed-none ct-column-none ct-row-scroll-none ct-row-gradient--none\" data-id=\"f63074c\" data-element_type=\"section\" data-e-type=\"section\">\n                            <div class=\"elementor-background-overlay\"><\/div>\n                \n                        <div class=\"elementor-container elementor-column-gap-extended\">\n                    <div class=\"elementor-column elementor-col-33 elementor-inner-column elementor-element elementor-element-d099960 ct-column-none\" data-id=\"d099960\" data-element_type=\"column\" data-e-type=\"column\">\n        <div class=\"elementor-widget-wrap elementor-element-populated\">\n                    \n        \t\t<div class=\"elementor-element elementor-element-8024a70 elementor-widget elementor-widget-ct_list\" data-id=\"8024a70\" data-element_type=\"widget\" data-e-type=\"widget\" data-widget_type=\"ct_list.default\">\n\t\t\t\t<div class=\"elementor-widget-container\">\n\t\t\t\t\t    <div class=\"ct-list\">\r\n                    <div class=\"ct-list-item wow fadeIn\">\r\n                                    <div class=\"ct-list-icon\">\r\n                        <i aria-hidden=\"true\" class=\"far fa-check-circle\"><\/i>                    <\/div>\r\n                            \t<div class=\"ct-list-content\">\r\n\t            \tThe unstoppable advance of technology and its application to Communication and Marketing has generated drastic changes in the way companies and freelancers have to face digitalisation.\t            <\/div>\r\n           <\/div>\r\n                    <div class=\"ct-list-item wow fadeIn\">\r\n                                    <div class=\"ct-list-icon\">\r\n                        <i aria-hidden=\"true\" class=\"far fa-check-circle\"><\/i>                    <\/div>\r\n                            \t<div class=\"ct-list-content\">\r\n\t            \tOur constant learning and experience over two decades make us leaders in digital entrepreneurship in the Canary Islands.\t            <\/div>\r\n           <\/div>\r\n                    <div class=\"ct-list-item wow fadeIn\">\r\n                                    <div class=\"ct-list-icon\">\r\n                        <i aria-hidden=\"true\" class=\"far fa-check-circle\"><\/i>                    <\/div>\r\n                            \t<div class=\"ct-list-content\">\r\n\t            \tWeb By Canarias counts on the experience of the professionals who are in charge of it: journalists, designers and marketing experts. \t            <\/div>\r\n           <\/div>\r\n            <\/div>\r\n\t\t\t\t<\/div>\n\t\t\t\t<\/div>\n\t\t            <\/div>\n        <\/div>\n                <div class=\"elementor-column elementor-col-66 elementor-inner-column elementor-element elementor-element-dc1c3e2 ct-column-none\" data-id=\"dc1c3e2\" data-element_type=\"column\" data-e-type=\"column\" data-settings=\"{&quot;background_background&quot;:&quot;classic&quot;}\">\n        <div class=\"elementor-widget-wrap elementor-element-populated\">\n                    <div class=\"elementor-background-overlay\"><\/div>\n                    \n        \t\t<div class=\"elementor-element elementor-element-1ec2cf1 elementor-widget elementor-widget-ct_text_editor\" data-id=\"1ec2cf1\" data-element_type=\"widget\" data-e-type=\"widget\" data-widget_type=\"ct_text_editor.default\">\n\t\t\t\t<div class=\"elementor-widget-container\">\n\t\t\t\t\t<div id=\"ct_text_editor-1ec2cf1\" class=\"ct-text-editor\" data-wow-delay=\"ms\">\n\t<div class=\"ct-inline-css\"  data-css=\"        \t\t\">\n\n    <\/div>\n\t<div class=\"ct-text-editor elementor-clearfix\">\n\t\t<p><strong>Web By Canarias<\/strong> is a company created in 2003 with 100% Canarian capital. We are professionals in communication, design and marketing, with sufficient capacity to tackle any project. We interact with our clients to get to know their criteria and merge our ideas with theirs. We are dedicated to professionally manage the best way to take your company, brand or business to the network.<\/p><p>Empezamos hace dos d\u00e9cadas ofreciendo servicios de Comunicaci\u00f3n 2.0. Este tipo de comunicaci\u00f3n apareci\u00f3 con la Web 2.0, que es la como la conocemos ahora, donde todos podemos comentar, dar &#8220;me gusta&#8221; y compartir contenidos.<\/p><p>The unstoppable advance of technology generates constant and immediate changes, appearing new applications to face the digitalisation that companies and freelancers need. Web By Canarias has the experience of the professionals who are in charge of it, constantly recycling and learning new solutions that have led us directly to Communication 5.0.<\/p><p>We continually look for new ways to surprise and make our clients' digital ventures a success and an unforgettable experience, both for the companies and professionals as well as for their users and consumers.<\/p>\t\t\n\t<\/div>\n<\/div>\t\t\t\t<\/div>\n\t\t\t\t<\/div>\n\t\t            <\/div>\n        <\/div>\n                    <\/div>\n        <\/section>\n                    <\/div>\n        <\/div>\n                    <\/div>\n        <\/section>\n                <section class=\"elementor-section elementor-top-section elementor-element elementor-element-eba84fa elementor-section-stretched elementor-section-boxed elementor-section-height-default elementor-section-height-default ct-header-fixed-none ct-column-none ct-row-scroll-none ct-row-gradient--none\" data-id=\"eba84fa\" data-element_type=\"section\" data-e-type=\"section\" data-settings=\"{&quot;stretch_section&quot;:&quot;section-stretched&quot;,&quot;background_background&quot;:&quot;classic&quot;}\">\n                            <div class=\"elementor-background-overlay\"><\/div>\n                \n                        <div class=\"elementor-container elementor-column-gap-default\">\n                    <div class=\"elementor-column elementor-col-50 elementor-top-column elementor-element elementor-element-f3dbbbb ct-column-none\" data-id=\"f3dbbbb\" data-element_type=\"column\" data-e-type=\"column\" data-settings=\"{&quot;background_background&quot;:&quot;classic&quot;}\">\n        <div class=\"elementor-widget-wrap elementor-element-populated\">\n                    \n        \t\t<div class=\"elementor-element elementor-element-59bd94a elementor-widget elementor-widget-ct_text_editor\" data-id=\"59bd94a\" data-element_type=\"widget\" data-e-type=\"widget\" data-widget_type=\"ct_text_editor.default\">\n\t\t\t\t<div class=\"elementor-widget-container\">\n\t\t\t\t\t<div id=\"ct_text_editor-59bd94a\" class=\"ct-text-editor wow bounceInLeft\" data-wow-delay=\"ms\">\n\t<div class=\"ct-inline-css\"  data-css=\"        \t\t\">\n\n    <\/div>\n\t<div class=\"ct-text-editor elementor-clearfix\">\n\t\t<p><span style=\"color: #bababa\">Join companies, retailers, bloggers, freelancers and professionals who have trusted us with their digitalisation!<\/span><\/p>\t\t\n\t<\/div>\n<\/div>\t\t\t\t<\/div>\n\t\t\t\t<\/div>\n\t\t        <section class=\"elementor-section elementor-inner-section elementor-element elementor-element-c5b6f37 elementor-section-content-middle elementor-section-boxed elementor-section-height-default elementor-section-height-default ct-header-fixed-none ct-column-none ct-row-scroll-none ct-row-gradient--none\" data-id=\"c5b6f37\" data-element_type=\"section\" data-e-type=\"section\">\n            \n                        <div class=\"elementor-container elementor-column-gap-extended\">\n                    <div class=\"elementor-column elementor-col-100 elementor-inner-column elementor-element elementor-element-2139e17 ct-column-none\" data-id=\"2139e17\" data-element_type=\"column\" data-e-type=\"column\">\n        <div class=\"elementor-widget-wrap elementor-element-populated\">\n                    \n        \t\t<div class=\"elementor-element elementor-element-dac51d6 elementor-widget elementor-widget-ct_heading\" data-id=\"dac51d6\" data-element_type=\"widget\" data-e-type=\"widget\" data-widget_type=\"ct_heading.default\">\n\t\t\t\t<div class=\"elementor-widget-container\">\n\t\t\t\t\t<div id=\"ct_heading-dac51d6\" class=\"ct-heading h-align- item-st-default highlight-style2\">\r\n    <div class=\"ct-inline-css\"  data-css=\"                        \">\r\n    <\/div>\r\n\r\n\t            <h1 class=\"item--title case-animate-time st-default wow flash\" data-wow-delay=\"ms\">\r\n        <span>20th anniversary<\/span>            <\/h1>\r\n<\/div>\r\n\r\n\t\t\t\t<\/div>\n\t\t\t\t<\/div>\n\t\t\t\t<div class=\"elementor-element elementor-element-5fbb257 ct-landing-page elementor-widget__width-auto ct-counter-layout1 elementor-widget elementor-widget-ct_counter\" data-id=\"5fbb257\" data-element_type=\"widget\" data-e-type=\"widget\" data-widget_type=\"ct_counter.default\">\n\t\t\t\t<div class=\"elementor-widget-container\">\n\t\t\t\t\t<div class=\"ct-counter ct-counter-layout1 hover-style1 wow zoomIn\" data-wow-delay=\"ms\">\r\n    <div class=\"ct-counter-inner\">\r\n                    <div class=\"ct-counter-icon\">\r\n                                                                                    <\/div>\r\n                <div class=\"ct-counter-meta\">\r\n            <div class=\"ct-counter-number\">\r\n                                <span class=\"ct-counter-number-value\" data-duration=\"2000\" data-to-value=\"300\" data-delimiter=\",\">1<\/span>\r\n                                    <span class=\"ct-counter-number-suffix\">+<\/span>\r\n                            <\/div>\r\n                    <\/div>\r\n        <div class=\"ct-counter-line\"><\/div>\r\n    <\/div>\r\n<\/div>\t\t\t\t<\/div>\n\t\t\t\t<\/div>\n\t\t            <\/div>\n        <\/div>\n                    <\/div>\n        <\/section>\n        \t\t<div class=\"elementor-element elementor-element-258cb9f elementor-widget elementor-widget-ct_heading\" data-id=\"258cb9f\" data-element_type=\"widget\" data-e-type=\"widget\" data-widget_type=\"ct_heading.default\">\n\t\t\t\t<div class=\"elementor-widget-container\">\n\t\t\t\t\t<div id=\"ct_heading-258cb9f\" class=\"ct-heading h-align-right item-st-default highlight-style1\">\r\n    <div class=\"ct-inline-css\"  data-css=\"                        \">\r\n    <\/div>\r\n\r\n\t            <h3 class=\"item--title case-animate-time st-default wow bounceInLeft\" data-wow-delay=\"ms\">\r\n        <span>WBBYC illuminates your professional digital communication!\n<\/span>            <\/h3>\r\n<\/div>\r\n\r\n\t\t\t\t<\/div>\n\t\t\t\t<\/div>\n\t\t            <\/div>\n        <\/div>\n                <div class=\"elementor-column elementor-col-50 elementor-top-column elementor-element elementor-element-e2c1b29 ct-column-none\" data-id=\"e2c1b29\" data-element_type=\"column\" data-e-type=\"column\" data-settings=\"{&quot;background_background&quot;:&quot;classic&quot;}\">\n        <div class=\"elementor-widget-wrap elementor-element-populated\">\n                    \n        \t\t<div class=\"elementor-element elementor-element-1cf7166 elementor-widget__width-initial elementor-widget elementor-widget-ct_image\" data-id=\"1cf7166\" data-element_type=\"widget\" data-e-type=\"widget\" data-widget_type=\"ct_image.default\">\n\t\t\t\t<div class=\"elementor-widget-container\">\n\t\t\t\t\t<div class=\"ct-image-single img-hover-added\" data-width=\"\" data-height=\"\" data-wow-delay=\"ms\">\r\n            <div class=\"ct-image-single--inner\">\r\n                            <img decoding=\"async\" width=\"465\" height=\"678\" src=\"https:\/\/www.webbycanarias.com\/wp-content\/uploads\/2021\/08\/light-bulb-1.png\" class=\"no-lazyload img-main attachment-full\" alt=\"\" \/>                <img decoding=\"async\" width=\"465\" height=\"678\" src=\"https:\/\/www.webbycanarias.com\/wp-content\/uploads\/2021\/08\/light-bulb-2.png\" class=\"no-lazyload img-hover attachment-full\" alt=\"\" \/>                    <\/div>\r\n    <\/div>\t\t\t\t<\/div>\n\t\t\t\t<\/div>\n\t\t            <\/div>\n        <\/div>\n                    <\/div>\n        <\/section>\n        \t\t<\/div>","protected":false},"excerpt":{"rendered":"<p>20 years is nothing... The unstoppable advance of technology and its application to Communication and Marketing has generated drastic changes in the way companies and freelancers have to face digitalisation. Our constant learning and experience in two decades, make us leaders in digital entrepreneurship in the Canary Islands. Web [...]<\/p>","protected":false},"author":2,"featured_media":0,"parent":0,"menu_order":0,"comment_status":"closed","ping_status":"closed","template":"elementor_theme","meta":{"footnotes":""},"class_list":["post-6450","page","type-page","status-publish","hentry"],"yoast_head":"<!-- This site is optimized with the Yoast SEO plugin v27.2 - https:\/\/yoast.com\/product\/yoast-seo-wordpress\/ -->\n<title>Quienes Somos | Web By Canarias<\/title>\n<meta name=\"description\" content=\"Dise\u00f1o y p\u00e1ginas web, app m\u00f3viles, servidor propio en y para Canarias.\" \/>\n<meta name=\"robots\" content=\"index, follow, max-snippet:-1, max-image-preview:large, max-video-preview:-1\" \/>\n<link rel=\"canonical\" href=\"https:\/\/www.webbycanarias.com\/en\/quienes-somos\/\" \/>\n<meta property=\"og:locale\" content=\"en_GB\" \/>\n<meta property=\"og:type\" content=\"article\" \/>\n<meta property=\"og:title\" content=\"Quienes Somos | Web By Canarias\" \/>\n<meta property=\"og:description\" content=\"Dise\u00f1o y p\u00e1ginas web, app m\u00f3viles, servidor propio en y para Canarias.\" \/>\n<meta property=\"og:url\" content=\"https:\/\/www.webbycanarias.com\/en\/quienes-somos\/\" \/>\n<meta property=\"og:site_name\" content=\"WBBYC\" \/>\n<meta property=\"article:publisher\" content=\"https:\/\/www.facebook.com\/webbycanarias\" \/>\n<meta property=\"article:modified_time\" content=\"2023-11-25T19:23:36+00:00\" \/>\n<meta property=\"og:image\" content=\"https:\/\/www.webbycanarias.com\/wp-content\/uploads\/2021\/07\/WBBYC_HomeLogoC.png\" \/>\n<meta name=\"twitter:card\" content=\"summary_large_image\" \/>\n<meta name=\"twitter:label1\" content=\"Estimated reading time\" \/>\n\t<meta name=\"twitter:data1\" content=\"2 minutes\" \/>\n<script type=\"application\/ld+json\" class=\"yoast-schema-graph\">{\"@context\":\"https:\/\/schema.org\",\"@graph\":[{\"@type\":\"WebPage\",\"@id\":\"https:\/\/www.webbycanarias.com\/quienes-somos\/\",\"url\":\"https:\/\/www.webbycanarias.com\/quienes-somos\/\",\"name\":\"Quienes Somos | Web By Canarias\",\"isPartOf\":{\"@id\":\"https:\/\/www.webbycanarias.com\/#website\"},\"primaryImageOfPage\":{\"@id\":\"https:\/\/www.webbycanarias.com\/quienes-somos\/#primaryimage\"},\"image\":{\"@id\":\"https:\/\/www.webbycanarias.com\/quienes-somos\/#primaryimage\"},\"thumbnailUrl\":\"https:\/\/www.webbycanarias.com\/wp-content\/uploads\/2021\/07\/WBBYC_HomeLogoC.png\",\"datePublished\":\"2023-11-18T21:41:07+00:00\",\"dateModified\":\"2023-11-25T19:23:36+00:00\",\"description\":\"Dise\u00f1o y p\u00e1ginas web, app m\u00f3viles, servidor propio en y para Canarias.\",\"breadcrumb\":{\"@id\":\"https:\/\/www.webbycanarias.com\/quienes-somos\/#breadcrumb\"},\"inLanguage\":\"en-GB\",\"potentialAction\":[{\"@type\":\"ReadAction\",\"target\":[\"https:\/\/www.webbycanarias.com\/quienes-somos\/\"]}]},{\"@type\":\"ImageObject\",\"inLanguage\":\"en-GB\",\"@id\":\"https:\/\/www.webbycanarias.com\/quienes-somos\/#primaryimage\",\"url\":\"https:\/\/www.webbycanarias.com\/wp-content\/uploads\/2021\/07\/WBBYC_HomeLogoC.png\",\"contentUrl\":\"https:\/\/www.webbycanarias.com\/wp-content\/uploads\/2021\/07\/WBBYC_HomeLogoC.png\"},{\"@type\":\"BreadcrumbList\",\"@id\":\"https:\/\/www.webbycanarias.com\/quienes-somos\/#breadcrumb\",\"itemListElement\":[{\"@type\":\"ListItem\",\"position\":1,\"name\":\"Portada\",\"item\":\"https:\/\/www.webbycanarias.com\/\"},{\"@type\":\"ListItem\",\"position\":2,\"name\":\"Quienes Somos\"}]},{\"@type\":\"WebSite\",\"@id\":\"https:\/\/www.webbycanarias.com\/#website\",\"url\":\"https:\/\/www.webbycanarias.com\/\",\"name\":\"webbycanarias.com\",\"description\":\"\",\"publisher\":{\"@id\":\"https:\/\/www.webbycanarias.com\/#organization\"},\"potentialAction\":[{\"@type\":\"SearchAction\",\"target\":{\"@type\":\"EntryPoint\",\"urlTemplate\":\"https:\/\/www.webbycanarias.com\/?s={search_term_string}\"},\"query-input\":{\"@type\":\"PropertyValueSpecification\",\"valueRequired\":true,\"valueName\":\"search_term_string\"}}],\"inLanguage\":\"en-GB\"},{\"@type\":\"Organization\",\"@id\":\"https:\/\/www.webbycanarias.com\/#organization\",\"name\":\"Web By Canarias\",\"url\":\"https:\/\/www.webbycanarias.com\/\",\"logo\":{\"@type\":\"ImageObject\",\"inLanguage\":\"en-GB\",\"@id\":\"https:\/\/www.webbycanarias.com\/#\/schema\/logo\/image\/\",\"url\":\"https:\/\/www.webbycanarias.com\/wp-content\/uploads\/2023\/11\/WBBYC_LogoC.png\",\"contentUrl\":\"https:\/\/www.webbycanarias.com\/wp-content\/uploads\/2023\/11\/WBBYC_LogoC.png\",\"width\":1900,\"height\":1900,\"caption\":\"Web By Canarias\"},\"image\":{\"@id\":\"https:\/\/www.webbycanarias.com\/#\/schema\/logo\/image\/\"},\"sameAs\":[\"https:\/\/www.facebook.com\/webbycanarias\"]}]}<\/script>\n<!-- \/ Yoast SEO plugin. -->","yoast_head_json":{"title":"Quienes Somos | Web By Canarias","description":"Dise\u00f1o y p\u00e1ginas web, app m\u00f3viles, servidor propio en y para Canarias.","robots":{"index":"index","follow":"follow","max-snippet":"max-snippet:-1","max-image-preview":"max-image-preview:large","max-video-preview":"max-video-preview:-1"},"canonical":"https:\/\/www.webbycanarias.com\/en\/quienes-somos\/","og_locale":"en_GB","og_type":"article","og_title":"Quienes Somos | Web By Canarias","og_description":"Dise\u00f1o y p\u00e1ginas web, app m\u00f3viles, servidor propio en y para Canarias.","og_url":"https:\/\/www.webbycanarias.com\/en\/quienes-somos\/","og_site_name":"WBBYC","article_publisher":"https:\/\/www.facebook.com\/webbycanarias","article_modified_time":"2023-11-25T19:23:36+00:00","og_image":[{"url":"https:\/\/www.webbycanarias.com\/wp-content\/uploads\/2021\/07\/WBBYC_HomeLogoC.png","type":"","width":"","height":""}],"twitter_card":"summary_large_image","twitter_misc":{"Estimated reading time":"2 minutes"},"schema":{"@context":"https:\/\/schema.org","@graph":[{"@type":"WebPage","@id":"https:\/\/www.webbycanarias.com\/quienes-somos\/","url":"https:\/\/www.webbycanarias.com\/quienes-somos\/","name":"Quienes Somos | Web By Canarias","isPartOf":{"@id":"https:\/\/www.webbycanarias.com\/#website"},"primaryImageOfPage":{"@id":"https:\/\/www.webbycanarias.com\/quienes-somos\/#primaryimage"},"image":{"@id":"https:\/\/www.webbycanarias.com\/quienes-somos\/#primaryimage"},"thumbnailUrl":"https:\/\/www.webbycanarias.com\/wp-content\/uploads\/2021\/07\/WBBYC_HomeLogoC.png","datePublished":"2023-11-18T21:41:07+00:00","dateModified":"2023-11-25T19:23:36+00:00","description":"Dise\u00f1o y p\u00e1ginas web, app m\u00f3viles, servidor propio en y para Canarias.","breadcrumb":{"@id":"https:\/\/www.webbycanarias.com\/quienes-somos\/#breadcrumb"},"inLanguage":"en-GB","potentialAction":[{"@type":"ReadAction","target":["https:\/\/www.webbycanarias.com\/quienes-somos\/"]}]},{"@type":"ImageObject","inLanguage":"en-GB","@id":"https:\/\/www.webbycanarias.com\/quienes-somos\/#primaryimage","url":"https:\/\/www.webbycanarias.com\/wp-content\/uploads\/2021\/07\/WBBYC_HomeLogoC.png","contentUrl":"https:\/\/www.webbycanarias.com\/wp-content\/uploads\/2021\/07\/WBBYC_HomeLogoC.png"},{"@type":"BreadcrumbList","@id":"https:\/\/www.webbycanarias.com\/quienes-somos\/#breadcrumb","itemListElement":[{"@type":"ListItem","position":1,"name":"Portada","item":"https:\/\/www.webbycanarias.com\/"},{"@type":"ListItem","position":2,"name":"Quienes Somos"}]},{"@type":"WebSite","@id":"https:\/\/www.webbycanarias.com\/#website","url":"https:\/\/www.webbycanarias.com\/","name":"webbycanarias.com","description":"","publisher":{"@id":"https:\/\/www.webbycanarias.com\/#organization"},"potentialAction":[{"@type":"SearchAction","target":{"@type":"EntryPoint","urlTemplate":"https:\/\/www.webbycanarias.com\/?s={search_term_string}"},"query-input":{"@type":"PropertyValueSpecification","valueRequired":true,"valueName":"search_term_string"}}],"inLanguage":"en-GB"},{"@type":"Organization","@id":"https:\/\/www.webbycanarias.com\/#organization","name":"Web By Canarias","url":"https:\/\/www.webbycanarias.com\/","logo":{"@type":"ImageObject","inLanguage":"en-GB","@id":"https:\/\/www.webbycanarias.com\/#\/schema\/logo\/image\/","url":"https:\/\/www.webbycanarias.com\/wp-content\/uploads\/2023\/11\/WBBYC_LogoC.png","contentUrl":"https:\/\/www.webbycanarias.com\/wp-content\/uploads\/2023\/11\/WBBYC_LogoC.png","width":1900,"height":1900,"caption":"Web By Canarias"},"image":{"@id":"https:\/\/www.webbycanarias.com\/#\/schema\/logo\/image\/"},"sameAs":["https:\/\/www.facebook.com\/webbycanarias"]}]}},"_links":{"self":[{"href":"https:\/\/www.webbycanarias.com\/en\/wp-json\/wp\/v2\/pages\/6450","targetHints":{"allow":["GET"]}}],"collection":[{"href":"https:\/\/www.webbycanarias.com\/en\/wp-json\/wp\/v2\/pages"}],"about":[{"href":"https:\/\/www.webbycanarias.com\/en\/wp-json\/wp\/v2\/types\/page"}],"author":[{"embeddable":true,"href":"https:\/\/www.webbycanarias.com\/en\/wp-json\/wp\/v2\/users\/2"}],"replies":[{"embeddable":true,"href":"https:\/\/www.webbycanarias.com\/en\/wp-json\/wp\/v2\/comments?post=6450"}],"version-history":[{"count":0,"href":"https:\/\/www.webbycanarias.com\/en\/wp-json\/wp\/v2\/pages\/6450\/revisions"}],"wp:attachment":[{"href":"https:\/\/www.webbycanarias.com\/en\/wp-json\/wp\/v2\/media?parent=6450"}],"curies":[{"name":"wp","href":"https:\/\/api.w.org\/{rel}","templated":true}]}}