{"id":1862,"date":"2022-07-30T14:23:38","date_gmt":"2022-07-30T14:23:38","guid":{"rendered":"https:\/\/www.webbycanarias.com\/?page_id=1862"},"modified":"2023-11-24T16:06:58","modified_gmt":"2023-11-24T16:06:58","slug":"politica-cookies","status":"publish","type":"page","link":"https:\/\/www.webbycanarias.com\/en\/politica-cookies\/","title":{"rendered":"Cookie Policy"},"content":{"rendered":"<p><strong>WE USE OUR OWN AND THIRD-PARTY COOKIES TO OBTAIN STATISTICAL DATA ON OUR USERS' BROWSING HABITS AND TO IMPROVE OUR SERVICES.<\/strong><\/p>\n<p><strong>WHAT ARE COOKIES?<\/strong><\/p>\n<p>A cookie is a file that is downloaded to your computer when you access certain websites. Cookies allow a website, among other things, to store and retrieve information about the browsing habits of a user or their computer and, depending on the information they contain and the way you use your computer, they can be used to recognise the user.<\/p>\n<p>The law states that we may store cookies on your device if they are strictly necessary for the operation of this site. For all other types of cookies we need your permission. This site uses different types of cookies. Some cookies are placed by third party services that appear on our pages.<\/p>\n<p><strong>COOKIES USED ON THIS WEBSITE:<\/strong><\/p>\n<p>The information provided below will help you understand the different types of cookies:<\/p>\n<table border=\"1\" width=\"100%\" cellspacing=\"0\" cellpadding=\"3\">\n<tbody>\n<tr>\n<td rowspan=\"2\">\n<p align=\"center\">DEPENDING ON THE ENTITY MANAGING THEM<\/p>\n<\/td>\n<td>Own cookies<\/td>\n<td>These are collected by the publisher itself in order to provide the service requested by the user.<\/td>\n<\/tr>\n<tr>\n<td>Third party cookies<\/td>\n<td>They are those that are collected and managed by a third party and cannot be considered proprietary.<\/td>\n<\/tr>\n<tr>\n<td rowspan=\"2\">\n<p align=\"center\">ACCORDING TO THE LENGTH OF TIME THEY REMAIN ACTIVATED<\/p>\n<\/td>\n<td>Session cookies<\/td>\n<td>They collect data while the user browses the network in order to provide the requested service.<\/td>\n<\/tr>\n<tr>\n<td>Persistent cookies<\/td>\n<td>They are stored in the terminal and the information obtained will be used by the party responsible for the cookie in order to provide the requested service.<\/td>\n<\/tr>\n<tr>\n<td rowspan=\"5\">\n<p align=\"center\">ACCORDING TO THEIR PURPOSE<\/p>\n<\/td>\n<td>Technical cookies<\/td>\n<td>These are necessary for the correct browsing of the website.<\/td>\n<\/tr>\n<tr>\n<td>Personalisation cookies<\/td>\n<td>Allow the user the characteristics (language) for the navigation of the website.<\/td>\n<\/tr>\n<tr>\n<td>Analytics cookies<\/td>\n<td>They allow the provider the analysis linked to the navigation carried out by the user, in order to keep track of the use of the website, as well as to carry out statistics on the most visited contents, number of visitors, etc.<\/td>\n<\/tr>\n<tr>\n<td>Advertising Cookies<\/td>\n<td>They allow the publisher to include advertising space on the website, depending on the content of the website itself.<\/td>\n<\/tr>\n<tr>\n<td>Behavioural advertising cookies<\/td>\n<td>They allow the publisher to include advertising space on the website according to information obtained through the user's browsing habits.<\/td>\n<\/tr>\n<\/tbody>\n<\/table>\n<p><strong>These are the cookies we use:<\/strong><\/p>\n<table border=\"1\" width=\"100%\" cellspacing=\"0\" cellpadding=\"3\">\n<tbody>\n<tr>\n<th scope=\"col\" width=\"11%\">Name<\/th>\n<th scope=\"col\" width=\"16%\">Supplier<\/th>\n<th scope=\"col\" width=\"53%\">Purpose<\/th>\n<th scope=\"col\" width=\"13%\">Expiry<\/th>\n<th scope=\"col\" width=\"7%\">Type<\/th>\n<\/tr>\n<tr>\n<td>wordpress_test_cookie<\/td>\n<td>WordPress<\/td>\n<td>Functional<\/td>\n<td>Session<\/td>\n<td>HTTP<\/td>\n<\/tr>\n<tr>\n<td>wordpress_logged_in_*<\/td>\n<td>WordPress<\/td>\n<td>Persistent<\/td>\n<td>Session<\/td>\n<td>HTML<\/td>\n<\/tr>\n<tr>\n<td>cmplz_consenttype<\/td>\n<td>Complianz<\/td>\n<td>Functional<\/td>\n<td>1 year<\/td>\n<td>HTTP<\/td>\n<\/tr>\n<\/tbody>\n<\/table>\n<p><strong>DISABLING COOKIES<\/strong><\/p>\n<p>You can allow, block or delete the cookies installed on your computer by configuring the options of the browser installed on your computer. Most web browsers offer the possibility of allowing, blocking or deleting the cookies installed on your computer.<\/p>\n<p><strong>WARNING ABOUT DELETING COOKIES<\/strong><\/p>\n<p>Users can configure their browser to accept, or not, the cookies they receive. If some technical cookies are disabled, the correct functioning of some of the utilities of the website is not guaranteed. If you have any questions about our cookies policy, you can contact this website through our Contact channels.<\/p>\n<p>You can find information on how to configure the most commonly used browsers in the following links:<\/p>\n<p>- Chrome, from <a href=\"http:\/\/support.google.com\/chrome\/bin\/answer.py?hl=es&amp;answer=95647\">http:\/\/support.google.com\/chrome\/bin\/answer.py?hl=es&amp;answer=95647<\/a><br \/>\n- Firefox, from <a href=\"http:\/\/support.mozilla.org\/es\/kb\/habilitar-y-deshabilitar-cookies-que-los-sitios-we\">http:\/\/support.mozilla.org\/es\/kb\/habilitar-y-deshabilitar-cookies-que-los-sitios-we<\/a><br \/>\n- Safari, from <a href=\"http:\/\/support.apple.com\/kb\/ph5042\">http:\/\/support.apple.com\/kb\/ph5042<\/a><\/p>\n<p>[*] Cookie statement last updated on 30\/07\/2022<\/p>","protected":false},"excerpt":{"rendered":"<p>WE USE OUR OWN AND THIRD-PARTY COOKIES TO OBTAIN STATISTICAL DATA ON OUR USERS' BROWSING HABITS AND IMPROVE OUR SERVICES WHAT ARE COOKIES? A cookie is a file that is downloaded to your computer when you access certain web pages. Cookies allow a website, among other things, to store and retrieve information [...]<\/p>","protected":false},"author":2,"featured_media":0,"parent":0,"menu_order":0,"comment_status":"closed","ping_status":"closed","template":"elementor_theme","meta":{"footnotes":""},"class_list":["post-1862","page","type-page","status-publish","hentry"],"yoast_head":"<!-- This site is optimized with the Yoast SEO plugin v27.4 - https:\/\/yoast.com\/product\/yoast-seo-wordpress\/ -->\n<title>Pol\u00edtica de Cookies | Web By Canarias<\/title>\n<meta name=\"description\" content=\"Dise\u00f1o y p\u00e1ginas web, app m\u00f3viles, servidor propio en y para Canarias.\" \/>\n<meta name=\"robots\" content=\"index, follow, max-snippet:-1, max-image-preview:large, max-video-preview:-1\" \/>\n<link rel=\"canonical\" href=\"https:\/\/www.webbycanarias.com\/en\/politica-cookies\/\" \/>\n<meta property=\"og:locale\" content=\"en_GB\" \/>\n<meta property=\"og:type\" content=\"article\" \/>\n<meta property=\"og:title\" content=\"Pol\u00edtica de Cookies | Web By Canarias\" \/>\n<meta property=\"og:description\" content=\"Dise\u00f1o y p\u00e1ginas web, app m\u00f3viles, servidor propio en y para Canarias.\" \/>\n<meta property=\"og:url\" content=\"https:\/\/www.webbycanarias.com\/en\/politica-cookies\/\" \/>\n<meta property=\"og:site_name\" content=\"WBBYC\" \/>\n<meta property=\"article:publisher\" content=\"https:\/\/www.facebook.com\/webbycanarias\" \/>\n<meta property=\"article:modified_time\" content=\"2023-11-24T16:06:58+00:00\" \/>\n<meta name=\"twitter:card\" content=\"summary_large_image\" \/>\n<meta name=\"twitter:label1\" content=\"Estimated reading time\" \/>\n\t<meta name=\"twitter:data1\" content=\"3 minutes\" \/>\n<script type=\"application\/ld+json\" class=\"yoast-schema-graph\">{\"@context\":\"https:\\\/\\\/schema.org\",\"@graph\":[{\"@type\":\"WebPage\",\"@id\":\"https:\\\/\\\/www.webbycanarias.com\\\/politica-cookies\\\/\",\"url\":\"https:\\\/\\\/www.webbycanarias.com\\\/politica-cookies\\\/\",\"name\":\"Pol\u00edtica de Cookies | Web By Canarias\",\"isPartOf\":{\"@id\":\"https:\\\/\\\/www.webbycanarias.com\\\/#website\"},\"datePublished\":\"2022-07-30T14:23:38+00:00\",\"dateModified\":\"2023-11-24T16:06:58+00:00\",\"description\":\"Dise\u00f1o y p\u00e1ginas web, app m\u00f3viles, servidor propio en y para Canarias.\",\"breadcrumb\":{\"@id\":\"https:\\\/\\\/www.webbycanarias.com\\\/politica-cookies\\\/#breadcrumb\"},\"inLanguage\":\"en-GB\",\"potentialAction\":[{\"@type\":\"ReadAction\",\"target\":[\"https:\\\/\\\/www.webbycanarias.com\\\/politica-cookies\\\/\"]}]},{\"@type\":\"BreadcrumbList\",\"@id\":\"https:\\\/\\\/www.webbycanarias.com\\\/politica-cookies\\\/#breadcrumb\",\"itemListElement\":[{\"@type\":\"ListItem\",\"position\":1,\"name\":\"Portada\",\"item\":\"https:\\\/\\\/www.webbycanarias.com\\\/\"},{\"@type\":\"ListItem\",\"position\":2,\"name\":\"Pol\u00edtica de Cookies\"}]},{\"@type\":\"WebSite\",\"@id\":\"https:\\\/\\\/www.webbycanarias.com\\\/#website\",\"url\":\"https:\\\/\\\/www.webbycanarias.com\\\/\",\"name\":\"webbycanarias.com\",\"description\":\"\",\"publisher\":{\"@id\":\"https:\\\/\\\/www.webbycanarias.com\\\/#organization\"},\"potentialAction\":[{\"@type\":\"SearchAction\",\"target\":{\"@type\":\"EntryPoint\",\"urlTemplate\":\"https:\\\/\\\/www.webbycanarias.com\\\/?s={search_term_string}\"},\"query-input\":{\"@type\":\"PropertyValueSpecification\",\"valueRequired\":true,\"valueName\":\"search_term_string\"}}],\"inLanguage\":\"en-GB\"},{\"@type\":\"Organization\",\"@id\":\"https:\\\/\\\/www.webbycanarias.com\\\/#organization\",\"name\":\"Web By Canarias\",\"url\":\"https:\\\/\\\/www.webbycanarias.com\\\/\",\"logo\":{\"@type\":\"ImageObject\",\"inLanguage\":\"en-GB\",\"@id\":\"https:\\\/\\\/www.webbycanarias.com\\\/#\\\/schema\\\/logo\\\/image\\\/\",\"url\":\"https:\\\/\\\/www.webbycanarias.com\\\/wp-content\\\/uploads\\\/2023\\\/11\\\/WBBYC_LogoC.png\",\"contentUrl\":\"https:\\\/\\\/www.webbycanarias.com\\\/wp-content\\\/uploads\\\/2023\\\/11\\\/WBBYC_LogoC.png\",\"width\":1900,\"height\":1900,\"caption\":\"Web By Canarias\"},\"image\":{\"@id\":\"https:\\\/\\\/www.webbycanarias.com\\\/#\\\/schema\\\/logo\\\/image\\\/\"},\"sameAs\":[\"https:\\\/\\\/www.facebook.com\\\/webbycanarias\"]}]}<\/script>\n<!-- \/ Yoast SEO plugin. -->","yoast_head_json":{"title":"Pol\u00edtica de Cookies | Web By Canarias","description":"Dise\u00f1o y p\u00e1ginas web, app m\u00f3viles, servidor propio en y para Canarias.","robots":{"index":"index","follow":"follow","max-snippet":"max-snippet:-1","max-image-preview":"max-image-preview:large","max-video-preview":"max-video-preview:-1"},"canonical":"https:\/\/www.webbycanarias.com\/en\/politica-cookies\/","og_locale":"en_GB","og_type":"article","og_title":"Pol\u00edtica de Cookies | Web By Canarias","og_description":"Dise\u00f1o y p\u00e1ginas web, app m\u00f3viles, servidor propio en y para Canarias.","og_url":"https:\/\/www.webbycanarias.com\/en\/politica-cookies\/","og_site_name":"WBBYC","article_publisher":"https:\/\/www.facebook.com\/webbycanarias","article_modified_time":"2023-11-24T16:06:58+00:00","twitter_card":"summary_large_image","twitter_misc":{"Estimated reading time":"3 minutes"},"schema":{"@context":"https:\/\/schema.org","@graph":[{"@type":"WebPage","@id":"https:\/\/www.webbycanarias.com\/politica-cookies\/","url":"https:\/\/www.webbycanarias.com\/politica-cookies\/","name":"Pol\u00edtica de Cookies | Web By Canarias","isPartOf":{"@id":"https:\/\/www.webbycanarias.com\/#website"},"datePublished":"2022-07-30T14:23:38+00:00","dateModified":"2023-11-24T16:06:58+00:00","description":"Dise\u00f1o y p\u00e1ginas web, app m\u00f3viles, servidor propio en y para Canarias.","breadcrumb":{"@id":"https:\/\/www.webbycanarias.com\/politica-cookies\/#breadcrumb"},"inLanguage":"en-GB","potentialAction":[{"@type":"ReadAction","target":["https:\/\/www.webbycanarias.com\/politica-cookies\/"]}]},{"@type":"BreadcrumbList","@id":"https:\/\/www.webbycanarias.com\/politica-cookies\/#breadcrumb","itemListElement":[{"@type":"ListItem","position":1,"name":"Portada","item":"https:\/\/www.webbycanarias.com\/"},{"@type":"ListItem","position":2,"name":"Pol\u00edtica de Cookies"}]},{"@type":"WebSite","@id":"https:\/\/www.webbycanarias.com\/#website","url":"https:\/\/www.webbycanarias.com\/","name":"webbycanarias.com","description":"","publisher":{"@id":"https:\/\/www.webbycanarias.com\/#organization"},"potentialAction":[{"@type":"SearchAction","target":{"@type":"EntryPoint","urlTemplate":"https:\/\/www.webbycanarias.com\/?s={search_term_string}"},"query-input":{"@type":"PropertyValueSpecification","valueRequired":true,"valueName":"search_term_string"}}],"inLanguage":"en-GB"},{"@type":"Organization","@id":"https:\/\/www.webbycanarias.com\/#organization","name":"Web By Canarias","url":"https:\/\/www.webbycanarias.com\/","logo":{"@type":"ImageObject","inLanguage":"en-GB","@id":"https:\/\/www.webbycanarias.com\/#\/schema\/logo\/image\/","url":"https:\/\/www.webbycanarias.com\/wp-content\/uploads\/2023\/11\/WBBYC_LogoC.png","contentUrl":"https:\/\/www.webbycanarias.com\/wp-content\/uploads\/2023\/11\/WBBYC_LogoC.png","width":1900,"height":1900,"caption":"Web By Canarias"},"image":{"@id":"https:\/\/www.webbycanarias.com\/#\/schema\/logo\/image\/"},"sameAs":["https:\/\/www.facebook.com\/webbycanarias"]}]}},"_links":{"self":[{"href":"https:\/\/www.webbycanarias.com\/en\/wp-json\/wp\/v2\/pages\/1862","targetHints":{"allow":["GET"]}}],"collection":[{"href":"https:\/\/www.webbycanarias.com\/en\/wp-json\/wp\/v2\/pages"}],"about":[{"href":"https:\/\/www.webbycanarias.com\/en\/wp-json\/wp\/v2\/types\/page"}],"author":[{"embeddable":true,"href":"https:\/\/www.webbycanarias.com\/en\/wp-json\/wp\/v2\/users\/2"}],"replies":[{"embeddable":true,"href":"https:\/\/www.webbycanarias.com\/en\/wp-json\/wp\/v2\/comments?post=1862"}],"version-history":[{"count":0,"href":"https:\/\/www.webbycanarias.com\/en\/wp-json\/wp\/v2\/pages\/1862\/revisions"}],"wp:attachment":[{"href":"https:\/\/www.webbycanarias.com\/en\/wp-json\/wp\/v2\/media?parent=1862"}],"curies":[{"name":"wp","href":"https:\/\/api.w.org\/{rel}","templated":true}]}}