{"id":1794,"date":"2021-06-17T09:10:02","date_gmt":"2021-06-17T09:10:02","guid":{"rendered":"https:\/\/demo.casethemes.net\/grupi\/?page_id=1794"},"modified":"2023-11-23T19:05:20","modified_gmt":"2023-11-23T19:05:20","slug":"coming-soon","status":"publish","type":"page","link":"https:\/\/www.webbycanarias.com\/en\/coming-soon\/","title":{"rendered":"Coming Soon"},"content":{"rendered":"<div data-elementor-type=\"wp-page\" data-elementor-id=\"1794\" class=\"elementor elementor-1794\">\n\t\t\t\t        <section class=\"elementor-section elementor-top-section elementor-element elementor-element-f19188c elementor-section-stretched elementor-section-boxed elementor-section-height-default elementor-section-height-default ct-header-fixed-none ct-column-none ct-row-scroll-none ct-row-gradient--none\" data-id=\"f19188c\" data-element_type=\"section\" data-e-type=\"section\" data-settings=\"{&quot;stretch_section&quot;:&quot;section-stretched&quot;,&quot;background_background&quot;:&quot;classic&quot;}\">\n            \n                        <div class=\"elementor-container elementor-column-gap-extended\">\n                    <div class=\"elementor-column elementor-col-100 elementor-top-column elementor-element elementor-element-7a6ecd0 ct-column-none\" data-id=\"7a6ecd0\" data-element_type=\"column\" data-e-type=\"column\">\n        <div class=\"elementor-widget-wrap elementor-element-populated\">\n                    \n        \t\t<div class=\"elementor-element elementor-element-31c493a elementor-widget elementor-widget-ct_text_below\" data-id=\"31c493a\" data-element_type=\"widget\" data-e-type=\"widget\" data-widget_type=\"ct_text_below.default\">\n\t\t\t\t<div class=\"elementor-widget-container\">\n\t\t\t\t\t    <div id=\"ct_text_below-31c493a\" class=\"ct-text-below el-move-parents  top-left\" data-wow-delay=\"ms\">\r\n                    <div class=\"ct-inline-css\"  data-css=\"                #ct_text_below-31c493a.ct-text-below {                    left: 40px;                    top: 72px;                }\">\r\n            <\/div>\r\n                                                Coming Soon    <\/div>\r\n\t\t\t\t<\/div>\n\t\t\t\t<\/div>\n\t\t        <section class=\"elementor-section elementor-inner-section elementor-element elementor-element-4ff911f elementor-section-boxed elementor-section-height-default elementor-section-height-default ct-header-fixed-none ct-column-none ct-row-scroll-none ct-row-gradient--none\" data-id=\"4ff911f\" data-element_type=\"section\" data-e-type=\"section\">\n            \n                        <div class=\"elementor-container elementor-column-gap-extended\">\n                    <div class=\"elementor-column elementor-col-33 elementor-inner-column elementor-element elementor-element-87942c2 ct-column-none\" data-id=\"87942c2\" data-element_type=\"column\" data-e-type=\"column\">\n        <div class=\"elementor-widget-wrap\">\n                    \n                    <\/div>\n        <\/div>\n                <div class=\"elementor-column elementor-col-33 elementor-inner-column elementor-element elementor-element-95a6361 ct-column-none\" data-id=\"95a6361\" data-element_type=\"column\" data-e-type=\"column\">\n        <div class=\"elementor-widget-wrap elementor-element-populated\">\n                    \n        \t\t<div class=\"elementor-element elementor-element-2abc8b9 elementor-widget elementor-widget-ct_heading\" data-id=\"2abc8b9\" data-element_type=\"widget\" data-e-type=\"widget\" data-widget_type=\"ct_heading.default\">\n\t\t\t\t<div class=\"elementor-widget-container\">\n\t\t\t\t\t<div id=\"ct_heading-2abc8b9\" class=\"ct-heading h-align-center item-st-default highlight-style1\">\r\n    <div class=\"ct-inline-css\"  data-css=\"                        \">\r\n    <\/div>\r\n\r\n\t            <h3 class=\"item--title case-animate-time st-default\" data-wow-delay=\"ms\">\r\n        <span>We are Coming Soon<\/span>            <\/h3>\r\n<\/div>\r\n\r\n\t\t\t\t<\/div>\n\t\t\t\t<\/div>\n\t\t\t\t<div class=\"elementor-element elementor-element-df825dd elementor-widget elementor-widget-ct_text_editor\" data-id=\"df825dd\" data-element_type=\"widget\" data-e-type=\"widget\" data-widget_type=\"ct_text_editor.default\">\n\t\t\t\t<div class=\"elementor-widget-container\">\n\t\t\t\t\t<div id=\"ct_text_editor-df825dd\" class=\"ct-text-editor\" data-wow-delay=\"ms\">\n\t<div class=\"ct-inline-css\"  data-css=\"        \t\t\">\n\n    <\/div>\n\t<div class=\"ct-text-editor elementor-clearfix\">\n\t\tOur team is working to finish the site soon. We will bring you the best services of the company.\t\t\n\t<\/div>\n<\/div>\t\t\t\t<\/div>\n\t\t\t\t<\/div>\n\t\t\t\t<div class=\"elementor-element elementor-element-af439ef elementor-widget elementor-widget-ct_countdown\" data-id=\"af439ef\" data-element_type=\"widget\" data-e-type=\"widget\" data-widget_type=\"ct_countdown.default\">\n\t\t\t\t<div class=\"elementor-widget-container\">\n\t\t\t\t\t<div class=\"ct-countdown-wrap\">\r\n\t<div class=\"ct-countdown ct-countdown-layout1\" \r\n\t\tdata-color-from=\"#088dd2\"\r\n\t\tdata-color-to=\"#71e4e8\"\r\n\t\tdata-month=\"Month\"\r\n\t\tdata-months=\"Months\"\r\n\t\tdata-day=\"Day\"\r\n\t\tdata-days=\"Days\"\r\n\t\tdata-hour=\"Hour\"\r\n\t\tdata-hours=\"Hours\"\r\n\t\tdata-minute=\"Minute\"\r\n\t\tdata-minutes=\"Minutes\"\r\n\t\tdata-second=\"Second\"\r\n\t\tdata-seconds=\"Seconds\" data-wow-delay=\"ms\">\r\n\t\t<div class=\"ct-countdown-inner\" data-count-down=\"2023\/09\/09\"><\/div>\r\n\t<\/div>\r\n<\/div>\t\t\t\t<\/div>\n\t\t\t\t<\/div>\n\t\t\t\t<div class=\"elementor-element elementor-element-d3e9216 elementor-widget elementor-widget-ct_heading\" data-id=\"d3e9216\" data-element_type=\"widget\" data-e-type=\"widget\" data-widget_type=\"ct_heading.default\">\n\t\t\t\t<div class=\"elementor-widget-container\">\n\t\t\t\t\t<div id=\"ct_heading-d3e9216\" class=\"ct-heading h-align-center item-st-default highlight-style1\">\r\n    <div class=\"ct-inline-css\"  data-css=\"                        \">\r\n    <\/div>\r\n\r\n\t            <h3 class=\"item--title case-animate-time st-default\" data-wow-delay=\"ms\">\r\n        <span>NEWSLETTER\n<\/span>            <\/h3>\r\n<\/div>\r\n\r\n\t\t\t\t<\/div>\n\t\t\t\t<\/div>\n\t\t\t\t<div class=\"elementor-element elementor-element-4180101 elementor-widget elementor-widget-ct_text_editor\" data-id=\"4180101\" data-element_type=\"widget\" data-e-type=\"widget\" data-widget_type=\"ct_text_editor.default\">\n\t\t\t\t<div class=\"elementor-widget-container\">\n\t\t\t\t\t<div id=\"ct_text_editor-4180101\" class=\"ct-text-editor\" data-wow-delay=\"ms\">\n\t<div class=\"ct-inline-css\"  data-css=\"        \t\t\">\n\n    <\/div>\n\t<div class=\"ct-text-editor elementor-clearfix\">\n\t\tSign up for our latest news &amp; articles.\t\t\n\t<\/div>\n<\/div>\t\t\t\t<\/div>\n\t\t\t\t<\/div>\n\t\t\t\t<div class=\"elementor-element elementor-element-3a4dc7b elementor-widget elementor-widget-ct_particle_animate\" data-id=\"3a4dc7b\" data-element_type=\"widget\" data-e-type=\"widget\" data-widget_type=\"ct_particle_animate.default\">\n\t\t\t\t<div class=\"elementor-widget-container\">\n\t\t\t\t\t\t<div class=\"ct-particle-animate el-move-parents img-below-content wow fadeInDown\" data-wow-delay=\"ms\">\r\n\t\t\t\t    <div id=\"ct_particle_animate-3a4dc7b0\" class=\"top-right animate-none\" >\r\n\t\t    \t\t\t\t    \t\t\t    \t<div class=\"ct-inline-css\"  data-css=\"\t\t\t            .ct-particle-animate #ct_particle_animate-3a4dc7b0 {\t\t\t                right: 16%;\t\t\t                top: 50%;\t\t\t            }\">\r\n\t\t\t        <\/div>\r\n\t\t\t    \t\t\t    \t\t\t    \t\t    \t<img decoding=\"async\" width=\"68\" height=\"73\" src=\"https:\/\/www.webbycanarias.com\/wp-content\/uploads\/2021\/06\/team-single-shape1.png\" class=\"attachment-full\" alt=\"\" \/>\t\t\r\n\t\t    <\/div>\r\n\t\t\t<\/div>\r\n\t\t\t\t<\/div>\n\t\t\t\t<\/div>\n\t\t            <\/div>\n        <\/div>\n                <div class=\"elementor-column elementor-col-33 elementor-inner-column elementor-element elementor-element-309d4df ct-column-none\" data-id=\"309d4df\" data-element_type=\"column\" data-e-type=\"column\">\n        <div class=\"elementor-widget-wrap\">\n                    \n                    <\/div>\n        <\/div>\n                    <\/div>\n        <\/section>\n                    <\/div>\n        <\/div>\n                    <\/div>\n        <\/section>\n        \t\t<\/div>","protected":false},"excerpt":{"rendered":"<p>Coming Soon We are Coming Soon Our team is working to finish the site soon. We will bring you the best services of the company. NEWSLETTER Sign up for our latest news &#038; articles. Leave this field empty if you&#8217;re human:<\/p>","protected":false},"author":2,"featured_media":0,"parent":0,"menu_order":0,"comment_status":"closed","ping_status":"closed","template":"elementor_theme","meta":{"footnotes":""},"class_list":["post-1794","page","type-page","status-publish","hentry"],"yoast_head":"<!-- This site is optimized with the Yoast SEO plugin v27.4 - https:\/\/yoast.com\/product\/yoast-seo-wordpress\/ -->\n<title>Coming Soon | Web By Canarias<\/title>\n<meta name=\"description\" content=\"Dise\u00f1o y p\u00e1ginas web, app m\u00f3viles, servidor propio en y para Canarias.\" \/>\n<meta name=\"robots\" content=\"index, follow, max-snippet:-1, max-image-preview:large, max-video-preview:-1\" \/>\n<link rel=\"canonical\" href=\"https:\/\/www.webbycanarias.com\/en\/coming-soon\/\" \/>\n<meta property=\"og:locale\" content=\"en_GB\" \/>\n<meta property=\"og:type\" content=\"article\" \/>\n<meta property=\"og:title\" content=\"Coming Soon | Web By Canarias\" \/>\n<meta property=\"og:description\" content=\"Dise\u00f1o y p\u00e1ginas web, app m\u00f3viles, servidor propio en y para Canarias.\" \/>\n<meta property=\"og:url\" content=\"https:\/\/www.webbycanarias.com\/en\/coming-soon\/\" \/>\n<meta property=\"og:site_name\" content=\"WBBYC\" \/>\n<meta property=\"article:publisher\" content=\"https:\/\/www.facebook.com\/webbycanarias\" \/>\n<meta property=\"article:modified_time\" content=\"2023-11-23T19:05:20+00:00\" \/>\n<meta property=\"og:image\" content=\"https:\/\/www.webbycanarias.com\/wp-content\/uploads\/2021\/06\/team-single-shape1.png\" \/>\n<meta name=\"twitter:card\" content=\"summary_large_image\" \/>\n<script type=\"application\/ld+json\" class=\"yoast-schema-graph\">{\"@context\":\"https:\\\/\\\/schema.org\",\"@graph\":[{\"@type\":\"WebPage\",\"@id\":\"https:\\\/\\\/www.webbycanarias.com\\\/coming-soon\\\/\",\"url\":\"https:\\\/\\\/www.webbycanarias.com\\\/coming-soon\\\/\",\"name\":\"Coming Soon | Web By Canarias\",\"isPartOf\":{\"@id\":\"https:\\\/\\\/www.webbycanarias.com\\\/#website\"},\"primaryImageOfPage\":{\"@id\":\"https:\\\/\\\/www.webbycanarias.com\\\/coming-soon\\\/#primaryimage\"},\"image\":{\"@id\":\"https:\\\/\\\/www.webbycanarias.com\\\/coming-soon\\\/#primaryimage\"},\"thumbnailUrl\":\"https:\\\/\\\/www.webbycanarias.com\\\/wp-content\\\/uploads\\\/2021\\\/06\\\/team-single-shape1.png\",\"datePublished\":\"2021-06-17T09:10:02+00:00\",\"dateModified\":\"2023-11-23T19:05:20+00:00\",\"description\":\"Dise\u00f1o y p\u00e1ginas web, app m\u00f3viles, servidor propio en y para Canarias.\",\"breadcrumb\":{\"@id\":\"https:\\\/\\\/www.webbycanarias.com\\\/coming-soon\\\/#breadcrumb\"},\"inLanguage\":\"en-GB\",\"potentialAction\":[{\"@type\":\"ReadAction\",\"target\":[\"https:\\\/\\\/www.webbycanarias.com\\\/coming-soon\\\/\"]}]},{\"@type\":\"ImageObject\",\"inLanguage\":\"en-GB\",\"@id\":\"https:\\\/\\\/www.webbycanarias.com\\\/coming-soon\\\/#primaryimage\",\"url\":\"https:\\\/\\\/www.webbycanarias.com\\\/wp-content\\\/uploads\\\/2021\\\/06\\\/team-single-shape1.png\",\"contentUrl\":\"https:\\\/\\\/www.webbycanarias.com\\\/wp-content\\\/uploads\\\/2021\\\/06\\\/team-single-shape1.png\"},{\"@type\":\"BreadcrumbList\",\"@id\":\"https:\\\/\\\/www.webbycanarias.com\\\/coming-soon\\\/#breadcrumb\",\"itemListElement\":[{\"@type\":\"ListItem\",\"position\":1,\"name\":\"Portada\",\"item\":\"https:\\\/\\\/www.webbycanarias.com\\\/\"},{\"@type\":\"ListItem\",\"position\":2,\"name\":\"Coming Soon\"}]},{\"@type\":\"WebSite\",\"@id\":\"https:\\\/\\\/www.webbycanarias.com\\\/#website\",\"url\":\"https:\\\/\\\/www.webbycanarias.com\\\/\",\"name\":\"webbycanarias.com\",\"description\":\"\",\"publisher\":{\"@id\":\"https:\\\/\\\/www.webbycanarias.com\\\/#organization\"},\"potentialAction\":[{\"@type\":\"SearchAction\",\"target\":{\"@type\":\"EntryPoint\",\"urlTemplate\":\"https:\\\/\\\/www.webbycanarias.com\\\/?s={search_term_string}\"},\"query-input\":{\"@type\":\"PropertyValueSpecification\",\"valueRequired\":true,\"valueName\":\"search_term_string\"}}],\"inLanguage\":\"en-GB\"},{\"@type\":\"Organization\",\"@id\":\"https:\\\/\\\/www.webbycanarias.com\\\/#organization\",\"name\":\"Web By Canarias\",\"url\":\"https:\\\/\\\/www.webbycanarias.com\\\/\",\"logo\":{\"@type\":\"ImageObject\",\"inLanguage\":\"en-GB\",\"@id\":\"https:\\\/\\\/www.webbycanarias.com\\\/#\\\/schema\\\/logo\\\/image\\\/\",\"url\":\"https:\\\/\\\/www.webbycanarias.com\\\/wp-content\\\/uploads\\\/2023\\\/11\\\/WBBYC_LogoC.png\",\"contentUrl\":\"https:\\\/\\\/www.webbycanarias.com\\\/wp-content\\\/uploads\\\/2023\\\/11\\\/WBBYC_LogoC.png\",\"width\":1900,\"height\":1900,\"caption\":\"Web By Canarias\"},\"image\":{\"@id\":\"https:\\\/\\\/www.webbycanarias.com\\\/#\\\/schema\\\/logo\\\/image\\\/\"},\"sameAs\":[\"https:\\\/\\\/www.facebook.com\\\/webbycanarias\"]}]}<\/script>\n<!-- \/ Yoast SEO plugin. -->","yoast_head_json":{"title":"Coming Soon | Web By Canarias","description":"Dise\u00f1o y p\u00e1ginas web, app m\u00f3viles, servidor propio en y para Canarias.","robots":{"index":"index","follow":"follow","max-snippet":"max-snippet:-1","max-image-preview":"max-image-preview:large","max-video-preview":"max-video-preview:-1"},"canonical":"https:\/\/www.webbycanarias.com\/en\/coming-soon\/","og_locale":"en_GB","og_type":"article","og_title":"Coming Soon | Web By Canarias","og_description":"Dise\u00f1o y p\u00e1ginas web, app m\u00f3viles, servidor propio en y para Canarias.","og_url":"https:\/\/www.webbycanarias.com\/en\/coming-soon\/","og_site_name":"WBBYC","article_publisher":"https:\/\/www.facebook.com\/webbycanarias","article_modified_time":"2023-11-23T19:05:20+00:00","og_image":[{"url":"https:\/\/www.webbycanarias.com\/wp-content\/uploads\/2021\/06\/team-single-shape1.png","type":"","width":"","height":""}],"twitter_card":"summary_large_image","schema":{"@context":"https:\/\/schema.org","@graph":[{"@type":"WebPage","@id":"https:\/\/www.webbycanarias.com\/coming-soon\/","url":"https:\/\/www.webbycanarias.com\/coming-soon\/","name":"Coming Soon | Web By Canarias","isPartOf":{"@id":"https:\/\/www.webbycanarias.com\/#website"},"primaryImageOfPage":{"@id":"https:\/\/www.webbycanarias.com\/coming-soon\/#primaryimage"},"image":{"@id":"https:\/\/www.webbycanarias.com\/coming-soon\/#primaryimage"},"thumbnailUrl":"https:\/\/www.webbycanarias.com\/wp-content\/uploads\/2021\/06\/team-single-shape1.png","datePublished":"2021-06-17T09:10:02+00:00","dateModified":"2023-11-23T19:05:20+00:00","description":"Dise\u00f1o y p\u00e1ginas web, app m\u00f3viles, servidor propio en y para Canarias.","breadcrumb":{"@id":"https:\/\/www.webbycanarias.com\/coming-soon\/#breadcrumb"},"inLanguage":"en-GB","potentialAction":[{"@type":"ReadAction","target":["https:\/\/www.webbycanarias.com\/coming-soon\/"]}]},{"@type":"ImageObject","inLanguage":"en-GB","@id":"https:\/\/www.webbycanarias.com\/coming-soon\/#primaryimage","url":"https:\/\/www.webbycanarias.com\/wp-content\/uploads\/2021\/06\/team-single-shape1.png","contentUrl":"https:\/\/www.webbycanarias.com\/wp-content\/uploads\/2021\/06\/team-single-shape1.png"},{"@type":"BreadcrumbList","@id":"https:\/\/www.webbycanarias.com\/coming-soon\/#breadcrumb","itemListElement":[{"@type":"ListItem","position":1,"name":"Portada","item":"https:\/\/www.webbycanarias.com\/"},{"@type":"ListItem","position":2,"name":"Coming Soon"}]},{"@type":"WebSite","@id":"https:\/\/www.webbycanarias.com\/#website","url":"https:\/\/www.webbycanarias.com\/","name":"webbycanarias.com","description":"","publisher":{"@id":"https:\/\/www.webbycanarias.com\/#organization"},"potentialAction":[{"@type":"SearchAction","target":{"@type":"EntryPoint","urlTemplate":"https:\/\/www.webbycanarias.com\/?s={search_term_string}"},"query-input":{"@type":"PropertyValueSpecification","valueRequired":true,"valueName":"search_term_string"}}],"inLanguage":"en-GB"},{"@type":"Organization","@id":"https:\/\/www.webbycanarias.com\/#organization","name":"Web By Canarias","url":"https:\/\/www.webbycanarias.com\/","logo":{"@type":"ImageObject","inLanguage":"en-GB","@id":"https:\/\/www.webbycanarias.com\/#\/schema\/logo\/image\/","url":"https:\/\/www.webbycanarias.com\/wp-content\/uploads\/2023\/11\/WBBYC_LogoC.png","contentUrl":"https:\/\/www.webbycanarias.com\/wp-content\/uploads\/2023\/11\/WBBYC_LogoC.png","width":1900,"height":1900,"caption":"Web By Canarias"},"image":{"@id":"https:\/\/www.webbycanarias.com\/#\/schema\/logo\/image\/"},"sameAs":["https:\/\/www.facebook.com\/webbycanarias"]}]}},"_links":{"self":[{"href":"https:\/\/www.webbycanarias.com\/en\/wp-json\/wp\/v2\/pages\/1794","targetHints":{"allow":["GET"]}}],"collection":[{"href":"https:\/\/www.webbycanarias.com\/en\/wp-json\/wp\/v2\/pages"}],"about":[{"href":"https:\/\/www.webbycanarias.com\/en\/wp-json\/wp\/v2\/types\/page"}],"author":[{"embeddable":true,"href":"https:\/\/www.webbycanarias.com\/en\/wp-json\/wp\/v2\/users\/2"}],"replies":[{"embeddable":true,"href":"https:\/\/www.webbycanarias.com\/en\/wp-json\/wp\/v2\/comments?post=1794"}],"version-history":[{"count":0,"href":"https:\/\/www.webbycanarias.com\/en\/wp-json\/wp\/v2\/pages\/1794\/revisions"}],"wp:attachment":[{"href":"https:\/\/www.webbycanarias.com\/en\/wp-json\/wp\/v2\/media?parent=1794"}],"curies":[{"name":"wp","href":"https:\/\/api.w.org\/{rel}","templated":true}]}}